{"id":5984,"date":"2026-03-27T16:29:19","date_gmt":"2026-03-27T15:29:19","guid":{"rendered":"https:\/\/www.chateauthuerry.com\/?post_type=product&#038;p=5984"},"modified":"2026-03-27T16:57:39","modified_gmt":"2026-03-27T15:57:39","slug":"le-chateau-rose-2024-75cl-copie","status":"publish","type":"product","link":"https:\/\/www.chateauthuerry.com\/en\/wine\/le-chateau-rose-2024-75cl-copie\/","title":{"rendered":"Le Ch\u00e2teau Ros\u00e9 2024 75CL"},"content":{"rendered":"","protected":false},"excerpt":{"rendered":"<p>Nez d\u00e9licat d&#8217;agrumes frais, de fruits rouges croquants. La bouche l\u00e9g\u00e8re et rafra\u00eechissante.<\/p>\n","protected":false},"featured_media":5990,"template":"","meta":{"_acf_changed":false,"content-type":""},"product_brand":[],"product_cat":[42],"product_tag":[],"class_list":{"0":"post-5984","1":"product","2":"type-product","3":"status-publish","4":"has-post-thumbnail","6":"product_cat-le-chateau-en","8":"first","9":"instock","10":"featured","11":"shipping-taxable","12":"purchasable","13":"product-type-simple"},"acf":[],"_links":{"self":[{"href":"https:\/\/www.chateauthuerry.com\/en\/wp-json\/wp\/v2\/product\/5984","targetHints":{"allow":["GET"]}}],"collection":[{"href":"https:\/\/www.chateauthuerry.com\/en\/wp-json\/wp\/v2\/product"}],"about":[{"href":"https:\/\/www.chateauthuerry.com\/en\/wp-json\/wp\/v2\/types\/product"}],"wp:featuredmedia":[{"embeddable":true,"href":"https:\/\/www.chateauthuerry.com\/en\/wp-json\/wp\/v2\/media\/5990"}],"wp:attachment":[{"href":"https:\/\/www.chateauthuerry.com\/en\/wp-json\/wp\/v2\/media?parent=5984"}],"wp:term":[{"taxonomy":"product_brand","embeddable":true,"href":"https:\/\/www.chateauthuerry.com\/en\/wp-json\/wp\/v2\/product_brand?post=5984"},{"taxonomy":"product_cat","embeddable":true,"href":"https:\/\/www.chateauthuerry.com\/en\/wp-json\/wp\/v2\/product_cat?post=5984"},{"taxonomy":"product_tag","embeddable":true,"href":"https:\/\/www.chateauthuerry.com\/en\/wp-json\/wp\/v2\/product_tag?post=5984"}],"curies":[{"name":"wp","href":"https:\/\/api.w.org\/{rel}","templated":true}]}}