{"id":4903,"date":"2025-04-15T11:03:14","date_gmt":"2025-04-15T09:03:14","guid":{"rendered":"https:\/\/www.chateauthuerry.com\/?post_type=product&#038;p=4903"},"modified":"2026-04-25T15:38:12","modified_gmt":"2026-04-25T13:38:12","slug":"le-21-rose-2025-150-cl","status":"publish","type":"product","link":"https:\/\/www.chateauthuerry.com\/en\/wine\/le-21-rose-2025-150-cl\/","title":{"rendered":"Le 21 Ros\u00e9 2025 150 cl"},"content":{"rendered":"","protected":false},"excerpt":{"rendered":"<p>Un ros\u00e9 sur la fra\u00eecheur et le fruit : id\u00e9al pour l&#8217;ap\u00e9ritif, afin d&#8217;\u00e9veiller vos papilles, et pour vos moments de convivialit\u00e9.<\/p>\n","protected":false},"featured_media":157,"template":"","meta":{"_acf_changed":false,"content-type":""},"product_brand":[],"product_cat":[17],"product_tag":[],"class_list":{"0":"post-4903","1":"product","2":"type-product","3":"status-publish","4":"has-post-thumbnail","6":"product_cat-les-cultes","8":"first","9":"instock","10":"featured","11":"shipping-taxable","12":"purchasable","13":"product-type-simple"},"acf":[],"_links":{"self":[{"href":"https:\/\/www.chateauthuerry.com\/en\/wp-json\/wp\/v2\/product\/4903","targetHints":{"allow":["GET"]}}],"collection":[{"href":"https:\/\/www.chateauthuerry.com\/en\/wp-json\/wp\/v2\/product"}],"about":[{"href":"https:\/\/www.chateauthuerry.com\/en\/wp-json\/wp\/v2\/types\/product"}],"wp:featuredmedia":[{"embeddable":true,"href":"https:\/\/www.chateauthuerry.com\/en\/wp-json\/wp\/v2\/media\/157"}],"wp:attachment":[{"href":"https:\/\/www.chateauthuerry.com\/en\/wp-json\/wp\/v2\/media?parent=4903"}],"wp:term":[{"taxonomy":"product_brand","embeddable":true,"href":"https:\/\/www.chateauthuerry.com\/en\/wp-json\/wp\/v2\/product_brand?post=4903"},{"taxonomy":"product_cat","embeddable":true,"href":"https:\/\/www.chateauthuerry.com\/en\/wp-json\/wp\/v2\/product_cat?post=4903"},{"taxonomy":"product_tag","embeddable":true,"href":"https:\/\/www.chateauthuerry.com\/en\/wp-json\/wp\/v2\/product_tag?post=4903"}],"curies":[{"name":"wp","href":"https:\/\/api.w.org\/{rel}","templated":true}]}}