{"id":4893,"date":"2025-04-15T10:46:46","date_gmt":"2025-04-15T08:46:46","guid":{"rendered":"https:\/\/www.chateauthuerry.com\/vin\/le-chateau-rouge-2020-75cl\/"},"modified":"2025-04-15T10:47:34","modified_gmt":"2025-04-15T08:47:34","slug":"le-chateau-rouge-2020-75cl","status":"publish","type":"product","link":"https:\/\/www.chateauthuerry.com\/en\/wine\/le-chateau-rouge-2020-75cl\/","title":{"rendered":"Le Ch\u00e2teau Rouge 2020 75CL"},"content":{"rendered":"","protected":false},"excerpt":{"rendered":"<p>Nez expressif de Cassis et d&#8217;\u00e9pices typique des c\u00e9pages Syrah er Mourv\u00e8dre. Des tanins soyeux habillent une bouche \u00e9quilibr\u00e9e.<\/p>\n","protected":false},"featured_media":2979,"template":"","meta":{"_acf_changed":false,"content-type":""},"product_brand":[],"product_cat":[42],"product_tag":[],"class_list":{"0":"post-4893","1":"product","2":"type-product","3":"status-publish","4":"has-post-thumbnail","6":"product_cat-le-chateau-en","8":"first","9":"instock","10":"shipping-taxable","11":"purchasable","12":"product-type-simple"},"acf":[],"_links":{"self":[{"href":"https:\/\/www.chateauthuerry.com\/en\/wp-json\/wp\/v2\/product\/4893","targetHints":{"allow":["GET"]}}],"collection":[{"href":"https:\/\/www.chateauthuerry.com\/en\/wp-json\/wp\/v2\/product"}],"about":[{"href":"https:\/\/www.chateauthuerry.com\/en\/wp-json\/wp\/v2\/types\/product"}],"wp:featuredmedia":[{"embeddable":true,"href":"https:\/\/www.chateauthuerry.com\/en\/wp-json\/wp\/v2\/media\/2979"}],"wp:attachment":[{"href":"https:\/\/www.chateauthuerry.com\/en\/wp-json\/wp\/v2\/media?parent=4893"}],"wp:term":[{"taxonomy":"product_brand","embeddable":true,"href":"https:\/\/www.chateauthuerry.com\/en\/wp-json\/wp\/v2\/product_brand?post=4893"},{"taxonomy":"product_cat","embeddable":true,"href":"https:\/\/www.chateauthuerry.com\/en\/wp-json\/wp\/v2\/product_cat?post=4893"},{"taxonomy":"product_tag","embeddable":true,"href":"https:\/\/www.chateauthuerry.com\/en\/wp-json\/wp\/v2\/product_tag?post=4893"}],"curies":[{"name":"wp","href":"https:\/\/api.w.org\/{rel}","templated":true}]}}