{"id":4404,"date":"2024-09-10T12:08:12","date_gmt":"2024-09-10T10:08:12","guid":{"rendered":"https:\/\/www.chateauthuerry.com\/?post_type=product&#038;p=4404"},"modified":"2024-09-10T14:26:01","modified_gmt":"2024-09-10T12:26:01","slug":"lexception-rouge-2019","status":"publish","type":"product","link":"https:\/\/www.chateauthuerry.com\/en\/wine\/lexception-rouge-2019\/","title":{"rendered":"L&#8217;Exception &#8211; Rouge 2019"},"content":{"rendered":"","protected":false},"excerpt":{"rendered":"<p>Un vin rouge plaisir qui vous captivera par sa personnalit\u00e9 et sa puissance. A servir chambr\u00e9 avec des viandes, des daubes proven\u00e7ales et de la truffe.<\/p>\n","protected":false},"featured_media":2982,"template":"","meta":{"_acf_changed":false,"content-type":""},"product_brand":[],"product_cat":[21],"product_tag":[],"class_list":{"0":"post-4404","1":"product","2":"type-product","3":"status-publish","4":"has-post-thumbnail","6":"product_cat-lexception","8":"first","9":"instock","10":"shipping-taxable","11":"purchasable","12":"product-type-simple"},"acf":[],"_links":{"self":[{"href":"https:\/\/www.chateauthuerry.com\/en\/wp-json\/wp\/v2\/product\/4404","targetHints":{"allow":["GET"]}}],"collection":[{"href":"https:\/\/www.chateauthuerry.com\/en\/wp-json\/wp\/v2\/product"}],"about":[{"href":"https:\/\/www.chateauthuerry.com\/en\/wp-json\/wp\/v2\/types\/product"}],"wp:featuredmedia":[{"embeddable":true,"href":"https:\/\/www.chateauthuerry.com\/en\/wp-json\/wp\/v2\/media\/2982"}],"wp:attachment":[{"href":"https:\/\/www.chateauthuerry.com\/en\/wp-json\/wp\/v2\/media?parent=4404"}],"wp:term":[{"taxonomy":"product_brand","embeddable":true,"href":"https:\/\/www.chateauthuerry.com\/en\/wp-json\/wp\/v2\/product_brand?post=4404"},{"taxonomy":"product_cat","embeddable":true,"href":"https:\/\/www.chateauthuerry.com\/en\/wp-json\/wp\/v2\/product_cat?post=4404"},{"taxonomy":"product_tag","embeddable":true,"href":"https:\/\/www.chateauthuerry.com\/en\/wp-json\/wp\/v2\/product_tag?post=4404"}],"curies":[{"name":"wp","href":"https:\/\/api.w.org\/{rel}","templated":true}]}}