{"id":3145,"date":"2023-04-12T14:34:43","date_gmt":"2023-04-12T12:34:43","guid":{"rendered":"https:\/\/www.chateauthuerry.com\/?post_type=product&#038;p=3145"},"modified":"2025-08-28T09:58:33","modified_gmt":"2025-08-28T07:58:33","slug":"lexception-blanc-2023","status":"publish","type":"product","link":"https:\/\/www.chateauthuerry.com\/en\/wine\/lexception-blanc-2023\/","title":{"rendered":"L&#8217;Exception &#8211; Blanc 2024"},"content":{"rendered":"","protected":false},"excerpt":{"rendered":"<p>Notes l\u00e9g\u00e8rement toast\u00e9es soulign\u00e9es par des notes d&#8217;agrumes et d&#8217;ananas<\/p>\n","protected":false},"featured_media":161,"template":"","meta":{"_acf_changed":false,"content-type":""},"product_brand":[],"product_cat":[21],"product_tag":[],"class_list":{"0":"post-3145","1":"product","2":"type-product","3":"status-publish","4":"has-post-thumbnail","6":"product_cat-lexception","8":"first","9":"instock","10":"shipping-taxable","11":"purchasable","12":"product-type-simple"},"acf":[],"_links":{"self":[{"href":"https:\/\/www.chateauthuerry.com\/en\/wp-json\/wp\/v2\/product\/3145","targetHints":{"allow":["GET"]}}],"collection":[{"href":"https:\/\/www.chateauthuerry.com\/en\/wp-json\/wp\/v2\/product"}],"about":[{"href":"https:\/\/www.chateauthuerry.com\/en\/wp-json\/wp\/v2\/types\/product"}],"wp:featuredmedia":[{"embeddable":true,"href":"https:\/\/www.chateauthuerry.com\/en\/wp-json\/wp\/v2\/media\/161"}],"wp:attachment":[{"href":"https:\/\/www.chateauthuerry.com\/en\/wp-json\/wp\/v2\/media?parent=3145"}],"wp:term":[{"taxonomy":"product_brand","embeddable":true,"href":"https:\/\/www.chateauthuerry.com\/en\/wp-json\/wp\/v2\/product_brand?post=3145"},{"taxonomy":"product_cat","embeddable":true,"href":"https:\/\/www.chateauthuerry.com\/en\/wp-json\/wp\/v2\/product_cat?post=3145"},{"taxonomy":"product_tag","embeddable":true,"href":"https:\/\/www.chateauthuerry.com\/en\/wp-json\/wp\/v2\/product_tag?post=3145"}],"curies":[{"name":"wp","href":"https:\/\/api.w.org\/{rel}","templated":true}]}}