{"id":195,"date":"2018-03-02T10:39:25","date_gmt":"2018-03-02T09:39:25","guid":{"rendered":"http:\/\/webserv2.ovh\/thuerry\/?post_type=product&#038;p=195"},"modified":"2025-08-28T09:59:33","modified_gmt":"2025-08-28T07:59:33","slug":"lexception2-rouge-2017","status":"publish","type":"product","link":"https:\/\/www.chateauthuerry.com\/en\/wine\/lexception2-rouge-2017\/","title":{"rendered":"L&#8217;Exception\u00b2 &#8211; Rouge 2019"},"content":{"rendered":"","protected":false},"excerpt":{"rendered":"<p>L&#8217;Exception\u00b2 puissant et chaleureux est le fleuron du Ch\u00e2teau Thuerry. Son fruit, son volume, sa structure, sa persistance et son \u00e9quilibre en font un vin accompli. A servir chambr\u00e9 avec les viandes, les daubes proven\u00e7ales ou juste pour le plaisir !<\/p>\n","protected":false},"featured_media":190,"template":"","meta":{"_acf_changed":false,"content-type":""},"product_brand":[],"product_cat":[21,17],"product_tag":[],"class_list":{"0":"post-195","1":"product","2":"type-product","3":"status-publish","4":"has-post-thumbnail","6":"product_cat-lexception","7":"product_cat-les-cultes","9":"first","10":"outofstock","11":"shipping-taxable","12":"purchasable","13":"product-type-simple"},"acf":[],"_links":{"self":[{"href":"https:\/\/www.chateauthuerry.com\/en\/wp-json\/wp\/v2\/product\/195","targetHints":{"allow":["GET"]}}],"collection":[{"href":"https:\/\/www.chateauthuerry.com\/en\/wp-json\/wp\/v2\/product"}],"about":[{"href":"https:\/\/www.chateauthuerry.com\/en\/wp-json\/wp\/v2\/types\/product"}],"wp:featuredmedia":[{"embeddable":true,"href":"https:\/\/www.chateauthuerry.com\/en\/wp-json\/wp\/v2\/media\/190"}],"wp:attachment":[{"href":"https:\/\/www.chateauthuerry.com\/en\/wp-json\/wp\/v2\/media?parent=195"}],"wp:term":[{"taxonomy":"product_brand","embeddable":true,"href":"https:\/\/www.chateauthuerry.com\/en\/wp-json\/wp\/v2\/product_brand?post=195"},{"taxonomy":"product_cat","embeddable":true,"href":"https:\/\/www.chateauthuerry.com\/en\/wp-json\/wp\/v2\/product_cat?post=195"},{"taxonomy":"product_tag","embeddable":true,"href":"https:\/\/www.chateauthuerry.com\/en\/wp-json\/wp\/v2\/product_tag?post=195"}],"curies":[{"name":"wp","href":"https:\/\/api.w.org\/{rel}","templated":true}]}}